{"id":113,"date":"2018-10-05T15:12:31","date_gmt":"2018-10-05T18:12:31","guid":{"rendered":"http:\/\/www.macla.com.ar\/web\/?page_id=113"},"modified":"2022-09-13T15:10:26","modified_gmt":"2022-09-13T18:10:26","slug":"educacion","status":"publish","type":"page","link":"https:\/\/www.macla.ar\/sitio\/educacion\/","title":{"rendered":"Visitas"},"content":{"rendered":"\t\t<div data-elementor-type=\"wp-post\" data-elementor-id=\"113\" class=\"elementor elementor-113\" data-elementor-post-type=\"page\">\n\t\t\t\t\t\t<section class=\"elementor-section elementor-top-section elementor-element elementor-element-ea39a09 elementor-section-boxed elementor-section-height-default elementor-section-height-default\" data-id=\"ea39a09\" data-element_type=\"section\" data-e-type=\"section\">\n\t\t\t\t\t\t<div class=\"elementor-container elementor-column-gap-default\">\n\t\t\t\t\t<div class=\"elementor-column elementor-col-100 elementor-top-column elementor-element elementor-element-95b3b27\" data-id=\"95b3b27\" data-element_type=\"column\" data-e-type=\"column\">\n\t\t\t<div class=\"elementor-widget-wrap elementor-element-populated\">\n\t\t\t\t\t\t<div class=\"elementor-element elementor-element-8ba84ea elementor-widget elementor-widget-heading\" data-id=\"8ba84ea\" data-element_type=\"widget\" data-e-type=\"widget\" data-widget_type=\"heading.default\">\n\t\t\t\t<div class=\"elementor-widget-container\">\n\t\t\t\t\t<h2 class=\"elementor-heading-title elementor-size-default\">\u00c1rea Educativa: recorridos participativos virtuales 2022.<\/h2>\t\t\t\t<\/div>\n\t\t\t\t<\/div>\n\t\t\t\t<div class=\"elementor-element elementor-element-56df6f0 elementor-widget elementor-widget-text-editor\" data-id=\"56df6f0\" data-element_type=\"widget\" data-e-type=\"widget\" data-widget_type=\"text-editor.default\">\n\t\t\t\t<div class=\"elementor-widget-container\">\n\t\t\t\t\t\t\t\t\t<div style=\"text-align: justify;\"><div class=\"elementor-element elementor-element-8ba84ea elementor-widget elementor-widget-heading\" data-id=\"8ba84ea\" data-element_type=\"widget\" data-widget_type=\"heading.default\"><div class=\"elementor-widget-container\"><h4><span style=\"color: #333333;\">Para realizar una reserva para una visita educativa <em>env\u00edenos un email a educacion@macla.ar\u00a0<\/em><\/span><\/h4><p style=\"text-align: justify;\">Los recorridos participativos est\u00e1n destinados a Instituciones para cada etapa educativa (inicial, primaria, secundaria, terciaria y universitaria). Proponen generar experiencias did\u00e1cticas y l\u00fadicas a partir del di\u00e1logo con las exposiciones de las salas del museo. Las mismas brindan diversas herramientas, perspectivas y modalidades did\u00e1cticas para trabajar con estudiantes y docentes en conjunto.<\/p><p style=\"text-align: justify;\">El encuentro tiene una duraci\u00f3n aproximada de <strong>60 minutos<\/strong> y con un cupo m\u00e1ximo de 35 estudiantes. Los encuentros se realizan los d\u00edas<strong> mi\u00e9rcoles<\/strong>\u00a0 y<strong> jueves a las 10 hs y 14 hs<\/strong>.<\/p><p style=\"text-align: justify;\">Para llevar adelante el encuentro, el\/la docente tiene que hacer una reserva por medio de esta p\u00e1gina en el calendario. Una vez solicitado el turno, el \u00c1rea Educativa se contactar\u00e1 para la coordinaci\u00f3n de la misma.<\/p><p style=\"text-align: justify;\">Al finalizar el encuentro, se enviar\u00e1 un material con recursos y herramientas para que los\/las docentes puedan continuar realizando actividades en sus respectivos espacios junto a los\/las estudiantes.<\/p><p style=\"text-align: justify;\">Tambi\u00e9n el\/la docente puede solicitar el Programa <strong>\u201cMACLA IDA Y VUELTA\u201d\u00a0<\/strong> que consiste en la entrega de una valija did\u00e1ctica con l\u00e1minas y actividades para el aula antes de concretar la visita en el Museo.<\/p><p style=\"text-align: justify;\">Es importante tener en cuenta que los recorridos deber\u00e1n respetar el protocolo sanitario correspondiente.<\/p><\/div><p>\u00a0<\/p><\/div><\/div><p><img fetchpriority=\"high\" decoding=\"async\" class=\"size-medium wp-image-116 alignleft\" style=\"font-style: inherit; font-weight: inherit;\" src=\"https:\/\/www.macla.ar\/sitio\/wp-content\/uploads\/2018\/10\/VISITAS-recorridos-participativos-300x201.jpg\" alt=\"\" width=\"300\" height=\"201\" srcset=\"https:\/\/www.macla.ar\/sitio\/wp-content\/uploads\/2018\/10\/VISITAS-recorridos-participativos-300x201.jpg 300w, https:\/\/www.macla.ar\/sitio\/wp-content\/uploads\/2018\/10\/VISITAS-recorridos-participativos-20x13.jpg 20w, https:\/\/www.macla.ar\/sitio\/wp-content\/uploads\/2018\/10\/VISITAS-recorridos-participativos-272x182.jpg 272w, https:\/\/www.macla.ar\/sitio\/wp-content\/uploads\/2018\/10\/VISITAS-recorridos-participativos.jpg 450w\" sizes=\"(max-width: 300px) 100vw, 300px\" \/><\/p><p style=\"text-align: justify;\"><strong>Contacto:<\/strong> <a href=\"mailto:%20biblioteca@macla.com.ar\">educacion@macla.ar<\/a><br \/><strong>Tel\u00e9fono:<\/strong> (0221) 427.1843<br \/><strong>Horarios:<\/strong> Lunes a viernes de 8 a 14 hs.<\/p>\t\t\t\t\t\t\t\t<\/div>\n\t\t\t\t<\/div>\n\t\t\t\t\t<\/div>\n\t\t<\/div>\n\t\t\t\t\t<\/div>\n\t\t<\/section>\n\t\t\t\t<\/div>\n\t\t","protected":false},"excerpt":{"rendered":"<p>\u00c1rea Educativa: recorridos participativos virtuales 2022. Para realizar una reserva para una visita educativa env\u00edenos un email a educacion@macla.ar\u00a0 Los recorridos participativos est\u00e1n destinados a Instituciones para cada etapa educativa (inicial, primaria, secundaria, terciaria y universitaria). Proponen generar experiencias did\u00e1cticas y l\u00fadicas a partir del di\u00e1logo con las exposiciones de las salas del museo. Las&#8230;<\/p>\n","protected":false},"author":96739693,"featured_media":0,"parent":0,"menu_order":0,"comment_status":"closed","ping_status":"closed","template":"","meta":{"footnotes":""},"class_list":["post-113","page","type-page","status-publish","hentry"],"_links":{"self":[{"href":"https:\/\/www.macla.ar\/sitio\/wp-json\/wp\/v2\/pages\/113","targetHints":{"allow":["GET"]}}],"collection":[{"href":"https:\/\/www.macla.ar\/sitio\/wp-json\/wp\/v2\/pages"}],"about":[{"href":"https:\/\/www.macla.ar\/sitio\/wp-json\/wp\/v2\/types\/page"}],"author":[{"embeddable":true,"href":"https:\/\/www.macla.ar\/sitio\/wp-json\/wp\/v2\/users\/96739693"}],"replies":[{"embeddable":true,"href":"https:\/\/www.macla.ar\/sitio\/wp-json\/wp\/v2\/comments?post=113"}],"version-history":[{"count":0,"href":"https:\/\/www.macla.ar\/sitio\/wp-json\/wp\/v2\/pages\/113\/revisions"}],"wp:attachment":[{"href":"https:\/\/www.macla.ar\/sitio\/wp-json\/wp\/v2\/media?parent=113"}],"curies":[{"name":"wp","href":"https:\/\/api.w.org\/{rel}","templated":true}]}}